{"id":353,"date":"2024-11-05T17:57:38","date_gmt":"2024-11-05T16:57:38","guid":{"rendered":"https:\/\/adiantesolucions.com\/areas-de-traballo\/"},"modified":"2024-11-22T21:40:56","modified_gmt":"2024-11-22T20:40:56","slug":"areas-de-trabajo","status":"publish","type":"page","link":"https:\/\/adiantesolucions.com\/es\/areas-de-trabajo\/","title":{"rendered":"\u00c1reas de trabajo"},"content":{"rendered":"\n<div style=\"height:2em\" aria-hidden=\"true\" class=\"wp-block-spacer\"><\/div>\n\n\n\n<div class=\"wp-block-essential-blocks-wrapper  root-eb-wrapper-l7xxz\"><div class=\"eb-parent-wrapper eb-parent-eb-wrapper-l7xxz \"><div class=\"eb-wrapper-outer eb-wrapper-l7xxz\"><div class=\"eb-wrapper-inner\"><div class=\"eb-wrapper-inner-blocks eb-wrapper-align-center\">\n<div class=\"wp-block-columns tw-gutter-large is-layout-flex wp-container-core-columns-is-layout-abceabcf wp-block-columns-is-layout-flex\">\n<div class=\"wp-block-column animated bounceInLeft slow is-layout-flow wp-block-column-is-layout-flow\">\n<p class=\"has-medium-font-size\">En <strong>Adiante Soluci\u00f3ns<\/strong> ofrecemos <strong>soluciones integrales<\/strong> para empresas y entidades p\u00fablicas en todos los \u00e1mbitos relacionados con la <strong>contrataci\u00f3n p\u00fablica<\/strong>, adaptaci\u00f3n normativa y formaci\u00f3n especializada.<\/p>\n\n\n\n<p class=\"has-medium-font-size\">Nuestro objetivo es facilitar una <strong>gesti\u00f3n eficiente y segura<\/strong> de los procesos administrativos y legales, mejorando la competitividad y la eficacia.<\/p>\n\n\n\n<p class=\"has-medium-font-size\">Somos <strong>expertos en ofrecer apoyo y asesoramiento a las entidades p\u00fablicas<\/strong> en los procesos de contrataci\u00f3n p\u00fablica.<\/p>\n<\/div>\n\n\n\n<div class=\"wp-block-column animated bounceInRight slow is-layout-flow wp-block-column-is-layout-flow\">\n<p class=\"has-medium-font-size\">Con <strong>m\u00e1s de 10 a\u00f1os de experiencia<\/strong> en el \u00e1mbito de la contrataci\u00f3n p\u00fablica, nuestra especializaci\u00f3n y conocimiento avalan los servicios que prestamos, procurando siempre la total satisfacci\u00f3n de nuestros clientes.<\/p>\n\n\n\n<p class=\"has-medium-font-size\">Contamos con un amplio <strong>equipo de profesionales<\/strong> y con una red de colaboradores que nos permite abordar muchas de las necesidades de nuestros clientes, ya que estamos en <strong>constante aprendizaje y en la b\u00fasqueda de nuevos retos<\/strong>.<\/p>\n<\/div>\n<\/div>\n<\/div><\/div><\/div><\/div><\/div>\n\n\n\n<div style=\"height:2em\" aria-hidden=\"true\" class=\"wp-block-spacer\"><\/div>\n\n\n\n<div class=\"wp-block-essential-blocks-wrapper alignfull  root-eb-wrapper-24jo7\"><div class=\"eb-parent-wrapper eb-parent-eb-wrapper-24jo7 \"><div class=\"eb-wrapper-outer eb-wrapper-24jo7\"><div class=\"eb-wrapper-inner\"><div class=\"eb-wrapper-inner-blocks eb-wrapper-align-center\">\n<div class=\"wp-block-essential-blocks-row alignfull  root-eb-row-l3t5o\" id=\"contratacion-publica\"><div class=\"eb-parent-wrapper eb-parent-eb-row-l3t5o \"><div class=\"eb-row-root-container eb-row-l3t5o\" data-id=\"eb-row-l3t5o\"><div class=\"eb-row-wrapper\"><div class=\"eb-row-inner\">\n<div class=\"wp-block-essential-blocks-column  root-eb-column-luib8\"><div class=\"eb-parent-wrapper eb-parent-eb-column-luib8 \"><div class=\"eb-column-wrapper eb-column-luib8\"><div class=\"eb-column-inner\">\n<figure class=\"wp-block-image size-large animated fadeIn\"><img loading=\"lazy\" decoding=\"async\" width=\"1080\" height=\"720\" src=\"https:\/\/adiantesolucions.com\/wp-content\/uploads\/2024\/11\/servizos01-1080x720.jpg\" alt=\"Archivador\" class=\"wp-image-137\" style=\"aspect-ratio:4\/3;object-fit:cover\" srcset=\"https:\/\/adiantesolucions.com\/wp-content\/uploads\/2024\/11\/servizos01-1080x720.jpg 1080w, https:\/\/adiantesolucions.com\/wp-content\/uploads\/2024\/11\/servizos01-850x567.jpg 850w, https:\/\/adiantesolucions.com\/wp-content\/uploads\/2024\/11\/servizos01-768x512.jpg 768w, https:\/\/adiantesolucions.com\/wp-content\/uploads\/2024\/11\/servizos01.jpg 1200w\" sizes=\"auto, (max-width: 1080px) 100vw, 1080px\" \/><\/figure>\n<\/div><\/div><\/div><\/div>\n\n\n\n<div class=\"wp-block-essential-blocks-column animated bounceInRight  root-eb-column-0huus\"><div class=\"eb-parent-wrapper eb-parent-eb-column-0huus \"><div class=\"eb-column-wrapper eb-column-0huus\"><div class=\"eb-column-inner\">\n<div style=\"height:2em\" aria-hidden=\"true\" class=\"wp-block-spacer tw-lg-hidden tw-md-hidden\"><\/div>\n\n\n\n<h3 class=\"wp-block-heading\">Consultor\u00eda en contrataci\u00f3n p\u00fablica<\/h3>\n\n\n\n<ul class=\"wp-block-list\">\n<li><strong>An\u00e1lisis e interpretaci\u00f3n<\/strong> de pliegos y documentaci\u00f3n t\u00e9cnica.<\/li>\n\n\n\n<li><strong>Asistencia<\/strong> en procesos de licitaci\u00f3n.<\/li>\n\n\n\n<li><strong>Asesoramiento<\/strong> en materia de contrataci\u00f3n p\u00fablica durante toda la tramitaci\u00f3n, tanto en cuestiones previas como posteriores al proceso de contrataci\u00f3n.<\/li>\n\n\n\n<li><strong>Redacci\u00f3n<\/strong> de todo tipo de documentaci\u00f3n para la licitaci\u00f3n p\u00fablica (pliegos de condiciones, estudios econ\u00f3micos, memorias&#8230;).<\/li>\n\n\n\n<li><strong>Apoyo<\/strong> en la gesti\u00f3n y ejecuci\u00f3n de contratos p\u00fablicos.<\/li>\n\n\n\n<li><strong>Auditor\u00eda<\/strong> de cumplimiento en la ejecuci\u00f3n de contratos p\u00fablicos.<\/li>\n<\/ul>\n<\/div><\/div><\/div><\/div>\n<\/div><\/div><\/div><\/div><\/div>\n\n\n\n<div class=\"wp-block-essential-blocks-row alignfull  root-eb-row-8pakb\" id=\"formacion\"><div class=\"eb-parent-wrapper eb-parent-eb-row-8pakb \"><div class=\"eb-row-root-container eb-row-8pakb\" data-id=\"eb-row-8pakb\"><div class=\"eb-row-wrapper\"><div class=\"eb-row-inner\">\n<div class=\"wp-block-essential-blocks-column animated bounceInLeft  root-eb-column-ihb7b\"><div class=\"eb-parent-wrapper eb-parent-eb-column-ihb7b \"><div class=\"eb-column-wrapper eb-column-ihb7b\"><div class=\"eb-column-inner\">\n<div style=\"height:2em\" aria-hidden=\"true\" class=\"wp-block-spacer tw-lg-hidden tw-md-hidden\"><\/div>\n\n\n\n<h3 class=\"wp-block-heading\" id=\"formacion-contratacion\">Formaci\u00f3n en contrataci\u00f3n p\u00fablica<\/h3>\n\n\n\n<p><strong>Formaci\u00f3n en licitaciones:<\/strong> preparaci\u00f3n de ofertas competitivas, interpretaci\u00f3n de pliegos, justificaci\u00f3n de ofertas y presentaci\u00f3n de documentaci\u00f3n adecuada.<\/p>\n<\/div><\/div><\/div><\/div>\n\n\n\n<div class=\"wp-block-essential-blocks-column  root-eb-column-16p8a\"><div class=\"eb-parent-wrapper eb-parent-eb-column-16p8a \"><div class=\"eb-column-wrapper eb-column-16p8a\"><div class=\"eb-column-inner\">\n<figure class=\"wp-block-image size-large animated fadeIn\"><img loading=\"lazy\" decoding=\"async\" width=\"1080\" height=\"720\" src=\"https:\/\/adiantesolucions.com\/wp-content\/uploads\/2024\/11\/servizos_formacion_contratacion-1080x720.jpg\" alt=\"D\u00faas mulleres analizando un documento.\" class=\"wp-image-236\" style=\"aspect-ratio:4\/3;object-fit:cover\" srcset=\"https:\/\/adiantesolucions.com\/wp-content\/uploads\/2024\/11\/servizos_formacion_contratacion-1080x720.jpg 1080w, https:\/\/adiantesolucions.com\/wp-content\/uploads\/2024\/11\/servizos_formacion_contratacion-850x567.jpg 850w, https:\/\/adiantesolucions.com\/wp-content\/uploads\/2024\/11\/servizos_formacion_contratacion-768x512.jpg 768w, https:\/\/adiantesolucions.com\/wp-content\/uploads\/2024\/11\/servizos_formacion_contratacion.jpg 1200w\" sizes=\"auto, (max-width: 1080px) 100vw, 1080px\" \/><\/figure>\n<\/div><\/div><\/div><\/div>\n<\/div><\/div><\/div><\/div><\/div>\n\n\n\n<div class=\"wp-block-essential-blocks-row alignfull  root-eb-row-uegw5\" id=\"xestion-licitacions\"><div class=\"eb-parent-wrapper eb-parent-eb-row-uegw5 \"><div class=\"eb-row-root-container eb-row-uegw5\" data-id=\"eb-row-uegw5\"><div class=\"eb-row-wrapper\"><div class=\"eb-row-inner\">\n<div class=\"wp-block-essential-blocks-column  root-eb-column-1n2m1\"><div class=\"eb-parent-wrapper eb-parent-eb-column-1n2m1 \"><div class=\"eb-column-wrapper eb-column-1n2m1\"><div class=\"eb-column-inner\">\n<figure class=\"wp-block-image size-large animated fadeIn\"><img loading=\"lazy\" decoding=\"async\" width=\"1080\" height=\"721\" src=\"https:\/\/adiantesolucions.com\/wp-content\/uploads\/2024\/11\/servizos_licitacions-1080x721.jpg\" alt=\"\" class=\"wp-image-166\" style=\"aspect-ratio:4\/3;object-fit:cover\" srcset=\"https:\/\/adiantesolucions.com\/wp-content\/uploads\/2024\/11\/servizos_licitacions-1080x721.jpg 1080w, https:\/\/adiantesolucions.com\/wp-content\/uploads\/2024\/11\/servizos_licitacions-850x567.jpg 850w, https:\/\/adiantesolucions.com\/wp-content\/uploads\/2024\/11\/servizos_licitacions-768x513.jpg 768w, https:\/\/adiantesolucions.com\/wp-content\/uploads\/2024\/11\/servizos_licitacions.jpg 1200w\" sizes=\"auto, (max-width: 1080px) 100vw, 1080px\" \/><\/figure>\n<\/div><\/div><\/div><\/div>\n\n\n\n<div class=\"wp-block-essential-blocks-column animated bounceInRight  root-eb-column-t1vxo\"><div class=\"eb-parent-wrapper eb-parent-eb-column-t1vxo \"><div class=\"eb-column-wrapper eb-column-t1vxo\"><div class=\"eb-column-inner\">\n<div style=\"height:2em\" aria-hidden=\"true\" class=\"wp-block-spacer tw-lg-hidden tw-md-hidden\"><\/div>\n\n\n\n<h3 class=\"wp-block-heading\" id=\"formacion-contratacion\">Gesti\u00f3n administrativa de licitaciones<\/h3>\n\n\n\n<p>Ofrecemos soporte integral en la preparaci\u00f3n y presentaci\u00f3n de toda la documentaci\u00f3n administrativa necesaria para participar en licitaciones p\u00fablicas. Nos encargamos de garantizar que los documentos cumplan con los plazos y requisitos legales establecidos en los pliegos de condiciones.<\/p>\n<\/div><\/div><\/div><\/div>\n<\/div><\/div><\/div><\/div><\/div>\n\n\n\n<div class=\"wp-block-essential-blocks-row alignfull  root-eb-row-zop6h\" id=\"memorias\"><div class=\"eb-parent-wrapper eb-parent-eb-row-zop6h \"><div class=\"eb-row-root-container eb-row-zop6h\" data-id=\"eb-row-zop6h\"><div class=\"eb-row-wrapper\"><div class=\"eb-row-inner\">\n<div class=\"wp-block-essential-blocks-column animated bounceInLeft  root-eb-column-u3eqh\"><div class=\"eb-parent-wrapper eb-parent-eb-column-u3eqh \"><div class=\"eb-column-wrapper eb-column-u3eqh\"><div class=\"eb-column-inner\">\n<div style=\"height:2em\" aria-hidden=\"true\" class=\"wp-block-spacer tw-lg-hidden tw-md-hidden\"><\/div>\n\n\n\n<h3 class=\"wp-block-heading\">Memorias t\u00e9cnicas<\/h3>\n\n\n\n<p><br>Estamos especializados en la redacci\u00f3n de memorias e informes t\u00e9cnicos ajustados a las exigencias de los pliegos de condiciones y a las especificaciones t\u00e9cnicas de los proyectos. Nuestras memorias aseguran la claridad y precisi\u00f3n necesarias para destacar en los procesos de licitaci\u00f3n p\u00fablica.<\/p>\n<\/div><\/div><\/div><\/div>\n\n\n\n<div class=\"wp-block-essential-blocks-column  root-eb-column-g0xtn\"><div class=\"eb-parent-wrapper eb-parent-eb-column-g0xtn \"><div class=\"eb-column-wrapper eb-column-g0xtn\"><div class=\"eb-column-inner\">\n<figure class=\"wp-block-image size-large animated fadeIn\"><img loading=\"lazy\" decoding=\"async\" width=\"1080\" height=\"720\" src=\"https:\/\/adiantesolucions.com\/wp-content\/uploads\/2024\/11\/servizos_memorias-1080x720.jpg\" alt=\"Home escribindo nun port\u00e1til.\" class=\"wp-image-247\" style=\"aspect-ratio:4\/3;object-fit:cover\" srcset=\"https:\/\/adiantesolucions.com\/wp-content\/uploads\/2024\/11\/servizos_memorias-1080x720.jpg 1080w, https:\/\/adiantesolucions.com\/wp-content\/uploads\/2024\/11\/servizos_memorias-850x567.jpg 850w, https:\/\/adiantesolucions.com\/wp-content\/uploads\/2024\/11\/servizos_memorias-768x512.jpg 768w, https:\/\/adiantesolucions.com\/wp-content\/uploads\/2024\/11\/servizos_memorias.jpg 1200w\" sizes=\"auto, (max-width: 1080px) 100vw, 1080px\" \/><\/figure>\n<\/div><\/div><\/div><\/div>\n<\/div><\/div><\/div><\/div><\/div>\n\n\n\n<div class=\"wp-block-essential-blocks-row alignfull  root-eb-row-mtiu0\" id=\"consultoria-subvencions\"><div class=\"eb-parent-wrapper eb-parent-eb-row-mtiu0 \"><div class=\"eb-row-root-container eb-row-mtiu0\" data-id=\"eb-row-mtiu0\"><div class=\"eb-row-wrapper\"><div class=\"eb-row-inner\"><\/div><\/div><\/div><\/div><\/div>\n<\/div><\/div><\/div><\/div><\/div>\n","protected":false},"excerpt":{"rendered":"","protected":false},"author":1,"featured_media":0,"parent":0,"menu_order":0,"comment_status":"closed","ping_status":"closed","template":"","meta":{"_eb_attr":"","footnotes":""},"class_list":["post-353","page","type-page","status-publish"],"_links":{"self":[{"href":"https:\/\/adiantesolucions.com\/es\/wp-json\/wp\/v2\/pages\/353","targetHints":{"allow":["GET"]}}],"collection":[{"href":"https:\/\/adiantesolucions.com\/es\/wp-json\/wp\/v2\/pages"}],"about":[{"href":"https:\/\/adiantesolucions.com\/es\/wp-json\/wp\/v2\/types\/page"}],"author":[{"embeddable":true,"href":"https:\/\/adiantesolucions.com\/es\/wp-json\/wp\/v2\/users\/1"}],"replies":[{"embeddable":true,"href":"https:\/\/adiantesolucions.com\/es\/wp-json\/wp\/v2\/comments?post=353"}],"version-history":[{"count":3,"href":"https:\/\/adiantesolucions.com\/es\/wp-json\/wp\/v2\/pages\/353\/revisions"}],"predecessor-version":[{"id":358,"href":"https:\/\/adiantesolucions.com\/es\/wp-json\/wp\/v2\/pages\/353\/revisions\/358"}],"wp:attachment":[{"href":"https:\/\/adiantesolucions.com\/es\/wp-json\/wp\/v2\/media?parent=353"}],"curies":[{"name":"wp","href":"https:\/\/api.w.org\/{rel}","templated":true}]}}