{"id":348,"date":"2024-11-04T19:01:56","date_gmt":"2024-11-04T18:01:56","guid":{"rendered":"https:\/\/adiantesolucions.com\/contacto\/"},"modified":"2024-11-24T21:28:15","modified_gmt":"2024-11-24T20:28:15","slug":"contacto","status":"publish","type":"page","link":"https:\/\/adiantesolucions.com\/es\/contacto\/","title":{"rendered":"Contacto"},"content":{"rendered":"\n<div class=\"wp-block-columns is-layout-flex wp-container-core-columns-is-layout-abceabcf wp-block-columns-is-layout-flex\">\n<div class=\"wp-block-column animated bounceInLeft slow is-layout-flow wp-block-column-is-layout-flow\">\n<h4 class=\"wp-block-heading has-contrast-color has-text-color has-link-color wp-elements-33958ec42354241cd2d02a7da8689fb2\">\u00bfHablamos?<\/h4>\n\n\n\n<p>Puedes contactarnos por correo electr\u00f3nico en <a href=\"mailto:info@adiantesolucions.com\">info@adiantesolucions.com<\/a>, llamarnos al <a href=\"tel:677015742\"><strong>677 015 742<\/strong><\/a> o enviarnos un mensaje por <i class=\"fab fa-whatsapp\"><\/i> <a href=\"https:\/\/wa.me\/34677015742\">WhatsApp<\/a>. Adem\u00e1s, si lo prefieres, env\u00edanos un mensaje a trav\u00e9s de este formulario..<\/p>\n\n\n\n<div class=\"wpcf7 no-js\" id=\"wpcf7-f340-o1\" lang=\"es-ES\" dir=\"ltr\" data-wpcf7-id=\"340\">\n<div class=\"screen-reader-response\"><p role=\"status\" aria-live=\"polite\" aria-atomic=\"true\"><\/p> <ul><\/ul><\/div>\n<form action=\"\/es\/wp-json\/wp\/v2\/pages\/348#wpcf7-f340-o1\" method=\"post\" class=\"wpcf7-form init\" aria-label=\"Formulario de contacto\" novalidate=\"novalidate\" data-status=\"init\">\n<fieldset class=\"hidden-fields-container\"><input type=\"hidden\" name=\"_wpcf7\" value=\"340\" \/><input type=\"hidden\" name=\"_wpcf7_version\" value=\"6.1.5\" \/><input type=\"hidden\" name=\"_wpcf7_locale\" value=\"es_ES\" \/><input type=\"hidden\" name=\"_wpcf7_unit_tag\" value=\"wpcf7-f340-o1\" \/><input type=\"hidden\" name=\"_wpcf7_container_post\" value=\"0\" \/><input type=\"hidden\" name=\"_wpcf7_posted_data_hash\" value=\"\" \/>\n<\/fieldset>\n<p><label> Nombre<br \/>\n<span class=\"wpcf7-form-control-wrap\" data-name=\"nome\"><input size=\"40\" maxlength=\"400\" class=\"wpcf7-form-control wpcf7-text wpcf7-validates-as-required\" aria-required=\"true\" aria-invalid=\"false\" value=\"\" type=\"text\" name=\"nome\" \/><\/span> <\/label>\n<\/p>\n<p><label> Correo electr\u00f3nico<br \/>\n<span class=\"wpcf7-form-control-wrap\" data-name=\"correo\"><input size=\"40\" maxlength=\"400\" class=\"wpcf7-form-control wpcf7-email wpcf7-validates-as-required wpcf7-text wpcf7-validates-as-email\" aria-required=\"true\" aria-invalid=\"false\" value=\"\" type=\"email\" name=\"correo\" \/><\/span> <\/label>\n<\/p>\n<p><label> Tel\u00e9fono<br \/>\n<span class=\"wpcf7-form-control-wrap\" data-name=\"telefono\"><input size=\"40\" maxlength=\"400\" class=\"wpcf7-form-control wpcf7-tel wpcf7-text wpcf7-validates-as-tel\" aria-invalid=\"false\" value=\"\" type=\"tel\" name=\"telefono\" \/><\/span> <\/label>\n<\/p>\n<p><label> Asunto<br \/>\n<span class=\"wpcf7-form-control-wrap\" data-name=\"asunto\"><input size=\"40\" maxlength=\"400\" class=\"wpcf7-form-control wpcf7-text wpcf7-validates-as-required\" aria-required=\"true\" aria-invalid=\"false\" value=\"\" type=\"text\" name=\"asunto\" \/><\/span> <\/label>\n<\/p>\n<p><label> Mensaje<br \/>\n<span class=\"wpcf7-form-control-wrap\" data-name=\"mensaxe\"><textarea cols=\"40\" rows=\"10\" maxlength=\"2000\" class=\"wpcf7-form-control wpcf7-textarea wpcf7-validates-as-required\" aria-required=\"true\" aria-invalid=\"false\" name=\"mensaxe\"><\/textarea><\/span> <\/label><br \/>\n<span id=\"wpcf7-6a02fa540aeeb-wrapper\" class=\"wpcf7-form-control-wrap website-pot-wrap\" style=\"display:none !important; visibility:hidden !important;\"><input type=\"hidden\" name=\"website-pot-time-start\" value=\"1778580052\"><input type=\"hidden\" name=\"website-pot-time-check\" value=\"4\"><input id=\"wpcf7-6a02fa540aeeb-field\"  class=\"wpcf7-form-control wpcf7-text\" type=\"text\" name=\"website-pot\" value=\"\" size=\"40\" tabindex=\"-1\" autocomplete=\"off\" \/><\/span><br \/>\n<span class=\"wpcf7-form-control-wrap\" data-name=\"acepto\"><span class=\"wpcf7-form-control wpcf7-acceptance\"><span class=\"wpcf7-list-item\"><label><input type=\"checkbox\" name=\"acepto\" value=\"1\" aria-invalid=\"false\" \/><span class=\"wpcf7-list-item-label\"><small>He le\u00eddo y acepto la <a href=\"https:\/\/adiantesolucions.com\/es\/politica-privacidad\/\">Pol\u00edtica de Privacidad<\/a>.<\/small><\/span><\/label><\/span><\/span><\/span>\n<\/p>\n<p><input class=\"wpcf7-form-control wpcf7-submit has-spinner\" type=\"submit\" value=\"Enviar\" \/>\n<\/p><div class=\"wpcf7-response-output\" aria-hidden=\"true\"><\/div>\n<\/form>\n<\/div>\n\n<\/div>\n\n\n\n<div class=\"wp-block-column animated bounceInRight slow is-layout-flow wp-block-column-is-layout-flow\">\n<h4 class=\"wp-block-heading has-contrast-color has-text-color has-link-color wp-elements-860be686201a75a47db31d1a41dc91ac\">Estamos en:<\/h4>\n\n\n\n<p><i class=\"fas fa-location-dot\"><\/i><br>R\u00faa Londres, 9A<br>15707 Santiago de Compostela<br>A Coru\u00f1a<\/p>\n\n\n\n<p><strong>Contacto:<br><\/strong><i class=\"far fa-envelope\"><\/i> <a href=\"mailto:info@adiantesolucions.com\">info@adiantesolucions.com<\/a><br><i class=\"fas fa-phone\"><\/i> <strong><a href=\"tel:677015742\">677 015 742<\/a><\/strong><\/p>\n\n\n\n<figure class=\"wp-block-image size-large is-resized\"><img loading=\"lazy\" decoding=\"async\" width=\"1080\" height=\"810\" src=\"https:\/\/adiantesolucions.com\/wp-content\/uploads\/2024\/11\/background-1080x810.jpg\" alt=\"Escritorio con dietario y macbook.\" class=\"wp-image-16\" style=\"aspect-ratio:9\/16;object-fit:cover;width:auto;height:600px\" srcset=\"https:\/\/adiantesolucions.com\/wp-content\/uploads\/2024\/11\/background-1080x810.jpg 1080w, https:\/\/adiantesolucions.com\/wp-content\/uploads\/2024\/11\/background-850x638.jpg 850w, https:\/\/adiantesolucions.com\/wp-content\/uploads\/2024\/11\/background-768x576.jpg 768w, https:\/\/adiantesolucions.com\/wp-content\/uploads\/2024\/11\/background-1536x1152.jpg 1536w, https:\/\/adiantesolucions.com\/wp-content\/uploads\/2024\/11\/background.jpg 1920w\" sizes=\"auto, (max-width: 1080px) 100vw, 1080px\" \/><\/figure>\n\n\n<\/div>\n<\/div>\n","protected":false},"excerpt":{"rendered":"<p>\u00bfHablamos? Puedes contactarnos por correo electr\u00f3nico en info@adiantesolucions.com, llamarnos al 677 015 742 o enviarnos un mensaje por WhatsApp. Adem\u00e1s, si lo prefieres, env\u00edanos un mensaje a trav\u00e9s de este formulario.. Estamos en: R\u00faa Londres, 9A15707 Santiago de CompostelaA Coru\u00f1a Contacto: info@adiantesolucions.com 677 015 742<\/p>\n","protected":false},"author":1,"featured_media":0,"parent":0,"menu_order":0,"comment_status":"closed","ping_status":"closed","template":"","meta":{"_eb_attr":"","footnotes":""},"class_list":["post-348","page","type-page","status-publish"],"_links":{"self":[{"href":"https:\/\/adiantesolucions.com\/es\/wp-json\/wp\/v2\/pages\/348","targetHints":{"allow":["GET"]}}],"collection":[{"href":"https:\/\/adiantesolucions.com\/es\/wp-json\/wp\/v2\/pages"}],"about":[{"href":"https:\/\/adiantesolucions.com\/es\/wp-json\/wp\/v2\/types\/page"}],"author":[{"embeddable":true,"href":"https:\/\/adiantesolucions.com\/es\/wp-json\/wp\/v2\/users\/1"}],"replies":[{"embeddable":true,"href":"https:\/\/adiantesolucions.com\/es\/wp-json\/wp\/v2\/comments?post=348"}],"version-history":[{"count":2,"href":"https:\/\/adiantesolucions.com\/es\/wp-json\/wp\/v2\/pages\/348\/revisions"}],"predecessor-version":[{"id":383,"href":"https:\/\/adiantesolucions.com\/es\/wp-json\/wp\/v2\/pages\/348\/revisions\/383"}],"wp:attachment":[{"href":"https:\/\/adiantesolucions.com\/es\/wp-json\/wp\/v2\/media?parent=348"}],"curies":[{"name":"wp","href":"https:\/\/api.w.org\/{rel}","templated":true}]}}