{"id":343,"date":"2024-11-04T12:11:00","date_gmt":"2024-11-04T11:11:00","guid":{"rendered":"https:\/\/adiantesolucions.com\/inicio\/"},"modified":"2024-11-28T11:16:37","modified_gmt":"2024-11-28T10:16:37","slug":"inicio","status":"publish","type":"page","link":"https:\/\/adiantesolucions.com\/es\/","title":{"rendered":"Inicio"},"content":{"rendered":"\n<div class=\"wp-block-essential-blocks-wrapper alignfull  root-eb-wrapper-3or1c\"><div class=\"eb-parent-wrapper eb-parent-eb-wrapper-3or1c \"><div class=\"eb-wrapper-outer eb-wrapper-3or1c\"><div class=\"eb-shape-divider eb-shape-divider-top\" data-shape=\"style_1\" data-negative=\"false\"><svg xmlns=\"http:\/\/www.w3.org\/2000\/svg\" fill=\"none\" viewBox=\"0 0 1000 100\" preserveAspectRatio=\"none\"><g clip-path=\"url(#eb-shape-divider-ocean-wave)\"><path class=\"eb-shape-divider-fill\" fill=\"#715AFF\" d=\"M0 97.79S101.82-.97 283.17 5.23c203.09 0 290.46 94.4 716.83 94.4V0H0v97.79Z\"><\/path><\/g><defs><clipPath id=\"eb-shape-divider-ocean-wave\"><path fill=\"#fff\" class=\"eb-shape-divider-fill\" d=\"M0 0h1000v99.62H0z\"><\/path><\/clipPath><\/defs><\/svg><\/div><div class=\"eb-wrapper-inner\"><div class=\"eb-wrapper-inner-blocks eb-wrapper-align-center\">\n<div class=\"wp-block-essential-blocks-row alignfull  root-eb-row-d3nzx\"><div class=\"eb-parent-wrapper eb-parent-eb-row-d3nzx \"><div class=\"eb-row-root-container eb-row-d3nzx\" data-id=\"eb-row-d3nzx\"><div class=\"eb-row-wrapper\"><div class=\"eb-row-inner\"><\/div><\/div><\/div><\/div><\/div>\n\n\n\n<h2 class=\"wp-block-heading has-text-align-center animated bounceInLeft has-base-3-color has-text-color has-link-color wp-elements-ed37dfd0eacf418f4522e4437d3051c8\">Adiante Soluci\u00f3ns<\/h2>\n\n\n\n<h4 class=\"wp-block-heading has-text-align-center animated bounceInRight has-base-3-color has-text-color has-link-color wp-elements-a21e24f9233df7277891b35bcdd798a3\" style=\"font-style:normal;font-weight:400\">Soluciones integrales para empresas y administraciones p\u00fablicas<\/h4>\n\n\n\n<div class=\"wp-block-buttons has-custom-font-size has-medium-font-size is-content-justification-center is-layout-flex wp-container-core-buttons-is-layout-16018d1d wp-block-buttons-is-layout-flex\">\n<div class=\"wp-block-button has-custom-font-size animated bounceInUp slow delay-100ms has-medium-font-size\" style=\"font-style:normal;font-weight:700\"><a class=\"wp-block-button__link wp-element-button\" href=\"https:\/\/adiantesolucions.com\/es\/contacto\/\"><i class=\"fas fa-headset\"><\/i> Cons\u00faltanos<\/a><\/div>\n<\/div>\n<\/div><\/div><\/div><\/div><\/div>\n\n\n\n<div class=\"wp-block-essential-blocks-wrapper alignfull  root-eb-wrapper-kof37\"><div class=\"eb-parent-wrapper eb-parent-eb-wrapper-kof37 \"><div class=\"eb-wrapper-outer eb-wrapper-kof37\"><div class=\"eb-wrapper-inner\"><div class=\"eb-wrapper-inner-blocks eb-wrapper-align-center\">\n<p class=\"has-text-align-center animated fadeIn has-medium-font-size\">En <strong>Adiante Soluci\u00f3ns<\/strong> ofrecemos <strong>soluciones integrales<\/strong> para empresas y entidades p\u00fablicas en todos los \u00e1mbitos relacionados con la <strong>contrataci\u00f3n p\u00fablica<\/strong>, adaptaci\u00f3n normativa y formaci\u00f3n especializada.<\/p>\n\n\n\n<p class=\"has-text-align-center animated fadeIn delay-200ms has-medium-font-size\">Nuestro objetivo es facilitar una <strong>gesti\u00f3n eficiente y segura<\/strong> de los procesos administrativos y legales, mejorando la competitividad y la eficacia.<\/p>\n<\/div><\/div><\/div><\/div><\/div>\n\n\n\n<div style=\"height:3em\" aria-hidden=\"true\" class=\"wp-block-spacer\"><\/div>\n\n\n\n<div class=\"wp-block-columns is-layout-flex wp-container-core-columns-is-layout-abceabcf wp-block-columns-is-layout-flex\">\n<div class=\"wp-block-column is-layout-flow wp-block-column-is-layout-flow\" style=\"--col-width:33.34%;flex-basis:33.34%\">\n<div class=\"wp-block-essential-blocks-number-counter animated bounceInLeft slow  root-eb-counter-ytsym\"><div class=\"eb-parent-wrapper eb-parent-eb-counter-ytsym \"><div class=\"eb-counter-ytsym eb-counter-wrapper\"><div class=\"icon-img-wrapper\"><div class=\"eb-icon \"><i icon=\"far fa-life-ring\" class=\"far fa-life-ring eb-counter-icon-data-selector\"><\/i><\/div><\/div><div class=\"counter-contents-wrapper\"><h4 class=\"eb-counter-number\"><span class=\"eb-counter-prefix\">+<\/span><span class=\"eb-counter eb-counter-number\" data-duration=\"1000\" data-startvalue=\"0\" data-target=\"10\" data-separator=\".\" data-isshowseparator=\"true\">0<\/span><span class=\"eb-counter-suffix\"><\/span><\/h4><h3 class=\"eb-counter-title\">A\u00f1os de experiencia<\/h3><\/div><\/div><\/div><\/div>\n<\/div>\n\n\n\n<div class=\"wp-block-column is-layout-flow wp-block-column-is-layout-flow\" style=\"--col-width:33.34%;flex-basis:33.34%\">\n<div class=\"wp-block-essential-blocks-number-counter animated bounceInUp slow  root-eb-counter-o7zr6\"><div class=\"eb-parent-wrapper eb-parent-eb-counter-o7zr6 \"><div class=\"eb-counter-o7zr6 eb-counter-wrapper\"><div class=\"icon-img-wrapper\"><div class=\"eb-icon \"><i icon=\"fab fa-uncharted\" class=\"fab fa-uncharted eb-counter-icon-data-selector\"><\/i><\/div><\/div><div class=\"counter-contents-wrapper\"><h4 class=\"eb-counter-number\"><span class=\"eb-counter-prefix\">+<\/span><span class=\"eb-counter eb-counter-number\" data-duration=\"1000\" data-startvalue=\"0\" data-target=\"150\" data-separator=\".\" data-isshowseparator=\"true\">0<\/span><span class=\"eb-counter-suffix\"><\/span><\/h4><h3 class=\"eb-counter-title\">Proyectos ejecutados<\/h3><\/div><\/div><\/div><\/div>\n<\/div>\n\n\n\n<div class=\"wp-block-column is-layout-flow wp-block-column-is-layout-flow\" style=\"--col-width:33.33%;flex-basis:33.33%\">\n<div class=\"wp-block-essential-blocks-number-counter animated bounceInRight slow  root-eb-counter-5q6fn\"><div class=\"eb-parent-wrapper eb-parent-eb-counter-5q6fn \"><div class=\"eb-counter-5q6fn eb-counter-wrapper\"><div class=\"icon-img-wrapper\"><div class=\"eb-icon \"><i icon=\"fas fa-briefcase\" class=\"fas fa-briefcase eb-counter-icon-data-selector\"><\/i><\/div><\/div><div class=\"counter-contents-wrapper\"><h4 class=\"eb-counter-number\"><span class=\"eb-counter-prefix\">+<\/span><span class=\"eb-counter eb-counter-number\" data-duration=\"1000\" data-startvalue=\"0\" data-target=\"60\" data-separator=\".\" data-isshowseparator=\"true\">0<\/span><span class=\"eb-counter-suffix\"><\/span><\/h4><h3 class=\"eb-counter-title\">Clientes<\/h3><\/div><\/div><\/div><\/div>\n<\/div>\n<\/div>\n\n\n\n<div style=\"height:3em\" aria-hidden=\"true\" class=\"wp-block-spacer\"><\/div>\n\n\n\n<div class=\"wp-block-essential-blocks-wrapper alignfull  root-eb-wrapper-ceims\"><div class=\"eb-parent-wrapper eb-parent-eb-wrapper-ceims \"><div class=\"eb-wrapper-outer eb-wrapper-ceims\"><div class=\"eb-wrapper-inner\"><div class=\"eb-wrapper-inner-blocks eb-wrapper-align-center\">\n<h2 class=\"wp-block-heading has-text-align-center animated fadeIn slower\"><br>Nuestros servicios<\/h2>\n\n\n\n<div style=\"height:2em\" aria-hidden=\"true\" class=\"wp-block-spacer\"><\/div>\n\n\n\n<div class=\"wp-block-columns home-servizos tw-cols-stack-sm tw-stretched-link is-layout-flex wp-container-core-columns-is-layout-abceabcf wp-block-columns-is-layout-flex\">\n<div class=\"wp-block-column animated backInUp is-layout-flow wp-block-column-is-layout-flow\" style=\"--col-width:25%;flex-basis:25%\">\n<figure class=\"wp-block-image size-thumbnail is-style-rounded wp-duotone-unset-1\"><img loading=\"lazy\" decoding=\"async\" width=\"300\" height=\"300\" src=\"https:\/\/adiantesolucions.com\/wp-content\/uploads\/2024\/11\/servizos01-300x300.jpg\" alt=\"Arquivador.\" class=\"wp-image-137\" style=\"aspect-ratio:1;object-fit:cover\"\/><\/figure>\n\n\n\n<h4 class=\"wp-block-heading has-text-align-center has-global-color-8-color has-text-color has-link-color wp-elements-0e87b7e0c89920d2195dca895f6c109f\" style=\"font-size:21px;font-style:normal;font-weight:400\"><a href=\"https:\/\/adiantesolucions.com\/es\/areas-de-trabajo\/#contratacion-publica\" data-type=\"page\" data-id=\"188\">Consultor\u00eda en contrataci\u00f3n p\u00fablica<\/a><\/h4>\n<\/div>\n\n\n\n<div class=\"wp-block-column animated backInUp delay-200ms is-layout-flow wp-block-column-is-layout-flow\" style=\"--col-width:25%;flex-basis:25%\">\n<figure class=\"wp-block-image size-thumbnail is-style-rounded\"><img loading=\"lazy\" decoding=\"async\" width=\"300\" height=\"300\" src=\"https:\/\/adiantesolucions.com\/wp-content\/uploads\/2024\/11\/servizos_formacion_contratacion-300x300.jpg\" alt=\"D\u00faas mulleres analizando un documento.\" class=\"wp-image-236\" style=\"aspect-ratio:1;object-fit:cover\"\/><\/figure>\n\n\n\n<h4 class=\"wp-block-heading has-text-align-center has-global-color-8-color has-text-color has-link-color wp-elements-7b6dfde0bd66afdaabb88094accb2f68\" style=\"font-size:21px;font-style:normal;font-weight:400\"><a href=\"https:\/\/adiantesolucions.com\/es\/areas-de-trabajo\/#formacion\" data-type=\"page\" data-id=\"188\">Formaci\u00f3n en contrataci\u00f3n p\u00fablica<\/a><\/h4>\n<\/div>\n\n\n\n<div class=\"wp-block-column animated backInUp delay-100ms is-layout-flow wp-block-column-is-layout-flow\" style=\"--col-width:25%;flex-basis:25%\">\n<figure class=\"wp-block-image size-thumbnail is-style-rounded\"><img loading=\"lazy\" decoding=\"async\" width=\"300\" height=\"300\" src=\"https:\/\/adiantesolucions.com\/wp-content\/uploads\/2024\/11\/servizos_licitacions-300x300.jpg\" alt=\"\" class=\"wp-image-166\" style=\"aspect-ratio:1;object-fit:cover\"\/><\/figure>\n\n\n\n<h4 class=\"wp-block-heading has-text-align-center has-global-color-8-color has-text-color has-link-color wp-elements-2d5ed98784fea06efb2acf572fc37bd1\" style=\"font-size:21px;font-style:normal;font-weight:400\"><a href=\"https:\/\/adiantesolucions.com\/es\/areas-de-trabajo\/#xestion-licitacions\" data-type=\"page\" data-id=\"188\">Gesti\u00f3n administrativa de licitaciones<\/a><\/h4>\n<\/div>\n\n\n\n<div class=\"wp-block-column animated backInUp o-anim-custom-delay o-anim-value-delay-300ms is-layout-flow wp-block-column-is-layout-flow\" style=\"--col-width:25%;flex-basis:25%\">\n<figure class=\"wp-block-image size-thumbnail is-style-rounded\"><img loading=\"lazy\" decoding=\"async\" width=\"300\" height=\"300\" src=\"https:\/\/adiantesolucions.com\/wp-content\/uploads\/2024\/11\/servizos_memorias-300x300.jpg\" alt=\"Home escribindo nun port\u00e1til.\" class=\"wp-image-247\" style=\"aspect-ratio:1;object-fit:cover\"\/><\/figure>\n\n\n\n<h4 class=\"wp-block-heading has-text-align-center has-global-color-8-color has-text-color has-link-color wp-elements-7a7793922697cffd2de0587f8c236e07\" style=\"font-size:21px;font-style:normal;font-weight:400\"><a href=\"https:\/\/adiantesolucions.com\/es\/areas-de-trabajo\/#memorias\" data-type=\"page\" data-id=\"188\">Memorias t\u00e9cnicas<\/a><\/h4>\n<\/div>\n<\/div>\n\n\n\n<div class=\"wp-block-buttons animated slideInUp fast is-content-justification-center is-layout-flex wp-container-core-buttons-is-layout-16018d1d wp-block-buttons-is-layout-flex\">\n<div class=\"wp-block-button has-custom-font-size has-medium-font-size\" style=\"font-style:normal;font-weight:600\"><a class=\"wp-block-button__link wp-element-button\" href=\"https:\/\/adiantesolucions.com\/es\/areas-de-trabajo\/\">Consulta todos nuestros servicios <i class=\"fas fa-arrow-right\"><\/i><\/a><\/div>\n<\/div>\n\n\n\n<div style=\"height:2em\" aria-hidden=\"true\" class=\"wp-block-spacer\"><\/div>\n<\/div><\/div><\/div><\/div><\/div>\n\n\n\n<div style=\"height:70px\" aria-hidden=\"true\" class=\"wp-block-spacer\"><\/div>\n\n\n\n<h3 class=\"wp-block-heading has-text-align-center\">Clientes<\/h3>\n\n\n\n<div class=\"wp-block-essential-blocks-slider brands-slider  root-eb-slider-n0axm\"><div class=\"eb-parent-wrapper eb-parent-eb-slider-n0axm \"><div class=\"eb-slider-wrapper eb-slider-n0axm\" data-blockid=\"eb-slider-n0axm\" data-version=\"v4\" data-settings=\"eyJhcnJvd3MiOnRydWUsImFkYXB0aXZlSGVpZ2h0Ijp0cnVlLCJhdXRvcGxheSI6dHJ1ZSwiYXV0b3BsYXlTcGVlZCI6MzAwMCwiZG90cyI6ZmFsc2UsImZhZGUiOmZhbHNlLCJpbmZpbml0ZSI6dHJ1ZSwicGF1c2VPbkhvdmVyIjp0cnVlLCJzbGlkZXNUb1Nob3ciOjYsInNwZWVkIjo1MDAsInZlcnRpY2FsIjpmYWxzZSwiY3VycmVudFNsaWRlIjowLCJydGwiOmZhbHNlLCJyZXNwb25zaXZlIjpbeyJicmVha3BvaW50IjoxMDI1LCJzZXR0aW5ncyI6eyJzbGlkZXNUb1Nob3ciOjZ9fSx7ImJyZWFrcG9pbnQiOjc2Nywic2V0dGluZ3MiOnsic2xpZGVzVG9TaG93IjoyfX1dfQ==\" data-arrownexticon=\"fas fa-chevron-right\" data-arrowprevicon=\"fas fa-chevron-left\" data-lightbox=\"false\"><div class=\"eb-slider-init eb-slider-type-image\"><div class=\"eb-slider-item content-1\" data-src=\"https:\/\/adiantesolucions.com\/wp-content\/uploads\/2024\/11\/Concello_Santiago.png\"><div><img class=\"eb-slider-image\" data-lazy=\"https:\/\/adiantesolucions.com\/wp-content\/uploads\/2024\/11\/Concello_Santiago.png\"\/><\/div><\/div><div class=\"eb-slider-item content-1\" data-src=\"https:\/\/adiantesolucions.com\/wp-content\/uploads\/2024\/11\/Sen-titulo-940-x-624-px-4.png\"><div><img class=\"eb-slider-image\" data-lazy=\"https:\/\/adiantesolucions.com\/wp-content\/uploads\/2024\/11\/Sen-titulo-940-x-624-px-4.png\"\/><\/div><\/div><div class=\"eb-slider-item content-1\" data-src=\"https:\/\/adiantesolucions.com\/wp-content\/uploads\/2024\/11\/image-6.png\"><div><img class=\"eb-slider-image\" data-lazy=\"https:\/\/adiantesolucions.com\/wp-content\/uploads\/2024\/11\/image-6.png\"\/><\/div><\/div><div class=\"eb-slider-item content-1\" data-src=\"https:\/\/adiantesolucions.com\/wp-content\/uploads\/2024\/11\/Sen-titulo-940-x-624-px-3.png\"><div><img class=\"eb-slider-image\" data-lazy=\"https:\/\/adiantesolucions.com\/wp-content\/uploads\/2024\/11\/Sen-titulo-940-x-624-px-3.png\"\/><\/div><\/div><div class=\"eb-slider-item content-1\" data-src=\"https:\/\/adiantesolucions.com\/wp-content\/uploads\/2024\/11\/Sen-titulo-940-x-624-px-5.png\"><div><img class=\"eb-slider-image\" data-lazy=\"https:\/\/adiantesolucions.com\/wp-content\/uploads\/2024\/11\/Sen-titulo-940-x-624-px-5.png\"\/><\/div><\/div><div class=\"eb-slider-item content-1\" data-src=\"https:\/\/adiantesolucions.com\/wp-content\/uploads\/2024\/11\/Sen-titulo-940-x-624-px-2.png\"><div><img class=\"eb-slider-image\" data-lazy=\"https:\/\/adiantesolucions.com\/wp-content\/uploads\/2024\/11\/Sen-titulo-940-x-624-px-2.png\"\/><\/div><\/div><div class=\"eb-slider-item content-1\" data-src=\"https:\/\/adiantesolucions.com\/wp-content\/uploads\/2024\/11\/Sen-titulo-940-x-624-px-Presentacion-169.png\"><div><img class=\"eb-slider-image\" data-lazy=\"https:\/\/adiantesolucions.com\/wp-content\/uploads\/2024\/11\/Sen-titulo-940-x-624-px-Presentacion-169.png\"\/><\/div><\/div><div class=\"eb-slider-item content-1\" data-src=\"https:\/\/adiantesolucions.com\/wp-content\/uploads\/2024\/11\/image-4-1.png\"><div><img class=\"eb-slider-image\" data-lazy=\"https:\/\/adiantesolucions.com\/wp-content\/uploads\/2024\/11\/image-4-1.png\"\/><\/div><\/div><div class=\"eb-slider-item content-1\" data-src=\"https:\/\/adiantesolucions.com\/wp-content\/uploads\/2024\/11\/descarga-1.png\"><div><img class=\"eb-slider-image\" data-lazy=\"https:\/\/adiantesolucions.com\/wp-content\/uploads\/2024\/11\/descarga-1.png\"\/><\/div><\/div><div class=\"eb-slider-item content-1\" data-src=\"https:\/\/adiantesolucions.com\/wp-content\/uploads\/2024\/11\/image-5.png\"><div><img class=\"eb-slider-image\" data-lazy=\"https:\/\/adiantesolucions.com\/wp-content\/uploads\/2024\/11\/image-5.png\"\/><\/div><\/div><div class=\"eb-slider-item content-1\" data-src=\"https:\/\/adiantesolucions.com\/wp-content\/uploads\/2024\/11\/image-7.png\"><div><img class=\"eb-slider-image\" data-lazy=\"https:\/\/adiantesolucions.com\/wp-content\/uploads\/2024\/11\/image-7.png\"\/><\/div><\/div><div class=\"eb-slider-item content-1\" data-src=\"https:\/\/adiantesolucions.com\/wp-content\/uploads\/2024\/11\/image-2-1.png\"><div><img class=\"eb-slider-image\" data-lazy=\"https:\/\/adiantesolucions.com\/wp-content\/uploads\/2024\/11\/image-2-1.png\"\/><\/div><\/div><div class=\"eb-slider-item content-1\" data-src=\"https:\/\/adiantesolucions.com\/wp-content\/uploads\/2024\/11\/image-3-1.png\"><div><img class=\"eb-slider-image\" data-lazy=\"https:\/\/adiantesolucions.com\/wp-content\/uploads\/2024\/11\/image-3-1.png\"\/><\/div><\/div><div class=\"eb-slider-item content-1\" data-src=\"https:\/\/adiantesolucions.com\/wp-content\/uploads\/2024\/11\/Sen-titulo-940-x-624-px-8.png\"><div><img class=\"eb-slider-image\" data-lazy=\"https:\/\/adiantesolucions.com\/wp-content\/uploads\/2024\/11\/Sen-titulo-940-x-624-px-8.png\"\/><\/div><\/div><div class=\"eb-slider-item content-1\" data-src=\"https:\/\/adiantesolucions.com\/wp-content\/uploads\/2024\/11\/image-1-1.png\"><div><img class=\"eb-slider-image\" data-lazy=\"https:\/\/adiantesolucions.com\/wp-content\/uploads\/2024\/11\/image-1-1.png\"\/><\/div><\/div><div class=\"eb-slider-item content-1\" data-src=\"https:\/\/adiantesolucions.com\/wp-content\/uploads\/2024\/11\/Sen-titulo-940-x-624-px-9.png\"><div><img class=\"eb-slider-image\" data-lazy=\"https:\/\/adiantesolucions.com\/wp-content\/uploads\/2024\/11\/Sen-titulo-940-x-624-px-9.png\"\/><\/div><\/div><div class=\"eb-slider-item content-1\" data-src=\"https:\/\/adiantesolucions.com\/wp-content\/uploads\/2024\/11\/image-8.png\"><div><img class=\"eb-slider-image\" data-lazy=\"https:\/\/adiantesolucions.com\/wp-content\/uploads\/2024\/11\/image-8.png\"\/><\/div><\/div><div class=\"eb-slider-item content-1\" data-src=\"https:\/\/adiantesolucions.com\/wp-content\/uploads\/2024\/11\/Sen-titulo-940-x-624-px.png\"><div><img class=\"eb-slider-image\" data-lazy=\"https:\/\/adiantesolucions.com\/wp-content\/uploads\/2024\/11\/Sen-titulo-940-x-624-px.png\"\/><\/div><\/div><div class=\"eb-slider-item content-1\" data-src=\"https:\/\/adiantesolucions.com\/wp-content\/uploads\/2024\/11\/Deseno-sen-nome-9.png\"><div><img class=\"eb-slider-image\" data-lazy=\"https:\/\/adiantesolucions.com\/wp-content\/uploads\/2024\/11\/Deseno-sen-nome-9.png\"\/><\/div><\/div><div class=\"eb-slider-item content-1\" data-src=\"https:\/\/adiantesolucions.com\/wp-content\/uploads\/2025\/06\/24165-removebg-preview.png\"><div><img class=\"eb-slider-image\" data-lazy=\"https:\/\/adiantesolucions.com\/wp-content\/uploads\/2025\/06\/24165-removebg-preview.png\"\/><\/div><\/div><div class=\"eb-slider-item content-1\" data-src=\"https:\/\/adiantesolucions.com\/wp-content\/uploads\/2025\/11\/concello-de-lugo-logo-removebg-preview.png\"><div><img class=\"eb-slider-image\" data-lazy=\"https:\/\/adiantesolucions.com\/wp-content\/uploads\/2025\/11\/concello-de-lugo-logo-removebg-preview.png\"\/><\/div><\/div><div class=\"eb-slider-item content-1\" data-src=\"https:\/\/adiantesolucions.com\/wp-content\/uploads\/2025\/11\/ConcelloCaldasMecenas-removebg-preview-1.png\"><div><img class=\"eb-slider-image\" data-lazy=\"https:\/\/adiantesolucions.com\/wp-content\/uploads\/2025\/11\/ConcelloCaldasMecenas-removebg-preview-1.png\"\/><\/div><\/div><\/div><\/div><\/div><\/div>\n","protected":false},"excerpt":{"rendered":"<p>Clientes<\/p>\n","protected":false},"author":1,"featured_media":0,"parent":0,"menu_order":0,"comment_status":"closed","ping_status":"closed","template":"","meta":{"_eb_attr":"","footnotes":""},"class_list":["post-343","page","type-page","status-publish"],"_links":{"self":[{"href":"https:\/\/adiantesolucions.com\/es\/wp-json\/wp\/v2\/pages\/343","targetHints":{"allow":["GET"]}}],"collection":[{"href":"https:\/\/adiantesolucions.com\/es\/wp-json\/wp\/v2\/pages"}],"about":[{"href":"https:\/\/adiantesolucions.com\/es\/wp-json\/wp\/v2\/types\/page"}],"author":[{"embeddable":true,"href":"https:\/\/adiantesolucions.com\/es\/wp-json\/wp\/v2\/users\/1"}],"replies":[{"embeddable":true,"href":"https:\/\/adiantesolucions.com\/es\/wp-json\/wp\/v2\/comments?post=343"}],"version-history":[{"count":5,"href":"https:\/\/adiantesolucions.com\/es\/wp-json\/wp\/v2\/pages\/343\/revisions"}],"predecessor-version":[{"id":469,"href":"https:\/\/adiantesolucions.com\/es\/wp-json\/wp\/v2\/pages\/343\/revisions\/469"}],"wp:attachment":[{"href":"https:\/\/adiantesolucions.com\/es\/wp-json\/wp\/v2\/media?parent=343"}],"curies":[{"name":"wp","href":"https:\/\/api.w.org\/{rel}","templated":true}]}}